{"id":2534,"date":"2020-08-10T08:04:52","date_gmt":"2020-08-10T08:04:52","guid":{"rendered":"https:\/\/2021.muinsuskaitsepaevad.ee\/home\/"},"modified":"2020-08-10T08:04:52","modified_gmt":"2020-08-10T08:04:52","slug":"home","status":"publish","type":"page","link":"https:\/\/2021.muinsuskaitsepaevad.ee\/en\/","title":{"rendered":"Home"},"content":{"rendered":"\n<div id=\"front-header-block_5f30ff78270fd\" class=\"front-header\">\n    <div class=\"front-header-content\">\n        <div class=\"front_header_title\">\n            <h1>Muinsuskaitsep\u00e4evad<\/h1>\n<p>9.-12. SEPT<\/p>\n<p>Peidus p\u00e4rand<\/p>\n        <\/div>\n        <p>Septembri teisel n\u00e4dalavahetusel on k\u00fclastajatele lahti paljud muidu suletud p\u00e4randipaigad \u00fcle Eesti, et r\u00e4\u00e4kida muinsuskaitsep\u00e4evade k\u00e4igus huvilistele oma lugu.<\/p>\n\n        <!--<img decoding=\"async\" id=\"front-header-main-img\" src=\"https:\/\/2021.muinsuskaitsepaevad.ee\/wp-content\/themes\/Reaktiiv\/img\/EFA.204.0.104825.jpg\">-->\n    <\/div>\n\n    <div class=\"front-header-pictograms\">\n        <img loading=\"lazy\" decoding=\"async\" src=\"https:\/\/2021.muinsuskaitsepaevad.ee\/wp-content\/themes\/Reaktiiv\/img\/2021\/1.svg\" width=\"175\" height=\"78\" alt=\"\">\n        <img loading=\"lazy\" decoding=\"async\" src=\"https:\/\/2021.muinsuskaitsepaevad.ee\/wp-content\/themes\/Reaktiiv\/img\/2021\/2.svg\" width=\"94\" height=\"222\" alt=\"\">\n        <img loading=\"lazy\" decoding=\"async\" src=\"https:\/\/2021.muinsuskaitsepaevad.ee\/wp-content\/themes\/Reaktiiv\/img\/2021\/3.png\" width=\"209\" height=\"284\" alt=\"\">\n        <img loading=\"lazy\" decoding=\"async\" src=\"https:\/\/2021.muinsuskaitsepaevad.ee\/wp-content\/themes\/Reaktiiv\/img\/2021\/4.svg\" width=\"219\" height=\"119\" alt=\"\">\n        <img loading=\"lazy\" decoding=\"async\" src=\"https:\/\/2021.muinsuskaitsepaevad.ee\/wp-content\/themes\/Reaktiiv\/img\/2021\/5.svg\" width=\"127\" height=\"282\" alt=\"\">\n    <\/div>\n<\/div>\n\n\n<div id=\"front-block-block_5f31094296448\" class=\"front-block\">\n    \n            <div class=\"front-block-content\">\n                                    <h1>Uudised<\/h1>\n                \n                                    <p><p>Olulise jooksva info leiad siit ja muinsuskaitsep\u00e4evade Facebooki lehek\u00fcljelt.<\/p>\n<\/p>\n                                \n                                    <a href=\"\/uudised\"><p>Vaata uudiseid<\/p>\n<\/a>\n                            <\/div>\n\n\n    \n            <div class=\"front-block-content\">\n                                    <h1>Kava<\/h1>\n                \n                                    <p><p>Septembri teisel n\u00e4dalavahetusel rohkem kui 70 \u00fcritust \u00fcle Eesti.<\/p>\n<\/p>\n                                \n                                    <a href=\"\/kava\"><p>Vaata kava<\/p>\n<\/a>\n                            <\/div>\n\n\n    \n            <div class=\"front-block-content\">\n                                    <h1>Tutvustus<\/h1>\n                \n                                    <p><p>9.\u201312. septembrini 2021 toimuvate muinsuskaitsep\u00e4evade peateema on \u201cPeidus p\u00e4rand\u201d<\/p>\n<\/p>\n                                \n                                    <a href=\"\/tutvustus\"><p>Loe edasi<\/p>\n<\/a>\n                            <\/div>\n\n\n    \n            <div class=\"front-block-content\">\n                \n                                \n                            <\/div>\n\n\n    <\/div>","protected":false},"excerpt":{"rendered":"","protected":false},"author":1,"featured_media":0,"parent":0,"menu_order":0,"comment_status":"closed","ping_status":"closed","template":"","meta":{"_acf_changed":false,"footnotes":""},"acf":[],"yoast_head":"<!-- This site is optimized with the Yoast SEO plugin v23.0 - https:\/\/yoast.com\/wordpress\/plugins\/seo\/ -->\n<title>Home - Muinsuskaitsep\u00e4evad<\/title>\n<meta name=\"robots\" content=\"index, follow, max-snippet:-1, max-image-preview:large, max-video-preview:-1\" \/>\n<link rel=\"canonical\" href=\"https:\/\/2021.muinsuskaitsepaevad.ee\/en\/\" \/>\n<meta property=\"og:locale\" content=\"en_US\" \/>\n<meta property=\"og:type\" content=\"article\" \/>\n<meta property=\"og:title\" content=\"Home - Muinsuskaitsep\u00e4evad\" \/>\n<meta property=\"og:url\" content=\"https:\/\/2021.muinsuskaitsepaevad.ee\/en\/\" \/>\n<meta property=\"og:site_name\" content=\"Muinsuskaitsep\u00e4evad\" \/>\n<meta name=\"twitter:card\" content=\"summary_large_image\" \/>\n<script type=\"application\/ld+json\" class=\"yoast-schema-graph\">{\"@context\":\"https:\/\/schema.org\",\"@graph\":[{\"@type\":\"WebPage\",\"@id\":\"https:\/\/2021.muinsuskaitsepaevad.ee\/en\/\",\"url\":\"https:\/\/2021.muinsuskaitsepaevad.ee\/en\/\",\"name\":\"Home - Muinsuskaitsep\u00e4evad\",\"isPartOf\":{\"@id\":\"https:\/\/2021.muinsuskaitsepaevad.ee\/en\/#website\"},\"datePublished\":\"2020-08-10T08:04:52+00:00\",\"dateModified\":\"2020-08-10T08:04:52+00:00\",\"breadcrumb\":{\"@id\":\"https:\/\/2021.muinsuskaitsepaevad.ee\/en\/#breadcrumb\"},\"inLanguage\":\"en-US\",\"potentialAction\":[{\"@type\":\"ReadAction\",\"target\":[\"https:\/\/2021.muinsuskaitsepaevad.ee\/en\/\"]}]},{\"@type\":\"BreadcrumbList\",\"@id\":\"https:\/\/2021.muinsuskaitsepaevad.ee\/en\/#breadcrumb\",\"itemListElement\":[{\"@type\":\"ListItem\",\"position\":1,\"name\":\"Home\",\"item\":\"https:\/\/2021.muinsuskaitsepaevad.ee\/en\/\"},{\"@type\":\"ListItem\",\"position\":2,\"name\":\"Home\"}]},{\"@type\":\"WebSite\",\"@id\":\"https:\/\/2021.muinsuskaitsepaevad.ee\/en\/#website\",\"url\":\"https:\/\/2021.muinsuskaitsepaevad.ee\/en\/\",\"name\":\"Muinsuskaitsep\u00e4evad\",\"description\":\"Muinsuskaitsep\u00e4evad\",\"publisher\":{\"@id\":\"https:\/\/2021.muinsuskaitsepaevad.ee\/en\/#organization\"},\"potentialAction\":[{\"@type\":\"SearchAction\",\"target\":{\"@type\":\"EntryPoint\",\"urlTemplate\":\"https:\/\/2021.muinsuskaitsepaevad.ee\/en\/?s={search_term_string}\"},\"query-input\":\"required name=search_term_string\"}],\"inLanguage\":\"en-US\"},{\"@type\":\"Organization\",\"@id\":\"https:\/\/2021.muinsuskaitsepaevad.ee\/en\/#organization\",\"name\":\"Muinsuskaitsep\u00e4evad\",\"url\":\"https:\/\/2021.muinsuskaitsepaevad.ee\/en\/\",\"logo\":{\"@type\":\"ImageObject\",\"inLanguage\":\"en-US\",\"@id\":\"https:\/\/2021.muinsuskaitsepaevad.ee\/en\/#\/schema\/logo\/image\/\",\"url\":\"https:\/\/2021.muinsuskaitsepaevad.ee\/wp-content\/uploads\/2020\/08\/logo.svg\",\"contentUrl\":\"https:\/\/2021.muinsuskaitsepaevad.ee\/wp-content\/uploads\/2020\/08\/logo.svg\",\"width\":235,\"height\":42,\"caption\":\"Muinsuskaitsep\u00e4evad\"},\"image\":{\"@id\":\"https:\/\/2021.muinsuskaitsepaevad.ee\/en\/#\/schema\/logo\/image\/\"}}]}<\/script>\n<!-- \/ Yoast SEO plugin. -->","yoast_head_json":{"title":"Home - Muinsuskaitsep\u00e4evad","robots":{"index":"index","follow":"follow","max-snippet":"max-snippet:-1","max-image-preview":"max-image-preview:large","max-video-preview":"max-video-preview:-1"},"canonical":"https:\/\/2021.muinsuskaitsepaevad.ee\/en\/","og_locale":"en_US","og_type":"article","og_title":"Home - Muinsuskaitsep\u00e4evad","og_url":"https:\/\/2021.muinsuskaitsepaevad.ee\/en\/","og_site_name":"Muinsuskaitsep\u00e4evad","twitter_card":"summary_large_image","schema":{"@context":"https:\/\/schema.org","@graph":[{"@type":"WebPage","@id":"https:\/\/2021.muinsuskaitsepaevad.ee\/en\/","url":"https:\/\/2021.muinsuskaitsepaevad.ee\/en\/","name":"Home - Muinsuskaitsep\u00e4evad","isPartOf":{"@id":"https:\/\/2021.muinsuskaitsepaevad.ee\/en\/#website"},"datePublished":"2020-08-10T08:04:52+00:00","dateModified":"2020-08-10T08:04:52+00:00","breadcrumb":{"@id":"https:\/\/2021.muinsuskaitsepaevad.ee\/en\/#breadcrumb"},"inLanguage":"en-US","potentialAction":[{"@type":"ReadAction","target":["https:\/\/2021.muinsuskaitsepaevad.ee\/en\/"]}]},{"@type":"BreadcrumbList","@id":"https:\/\/2021.muinsuskaitsepaevad.ee\/en\/#breadcrumb","itemListElement":[{"@type":"ListItem","position":1,"name":"Home","item":"https:\/\/2021.muinsuskaitsepaevad.ee\/en\/"},{"@type":"ListItem","position":2,"name":"Home"}]},{"@type":"WebSite","@id":"https:\/\/2021.muinsuskaitsepaevad.ee\/en\/#website","url":"https:\/\/2021.muinsuskaitsepaevad.ee\/en\/","name":"Muinsuskaitsep\u00e4evad","description":"Muinsuskaitsep\u00e4evad","publisher":{"@id":"https:\/\/2021.muinsuskaitsepaevad.ee\/en\/#organization"},"potentialAction":[{"@type":"SearchAction","target":{"@type":"EntryPoint","urlTemplate":"https:\/\/2021.muinsuskaitsepaevad.ee\/en\/?s={search_term_string}"},"query-input":"required name=search_term_string"}],"inLanguage":"en-US"},{"@type":"Organization","@id":"https:\/\/2021.muinsuskaitsepaevad.ee\/en\/#organization","name":"Muinsuskaitsep\u00e4evad","url":"https:\/\/2021.muinsuskaitsepaevad.ee\/en\/","logo":{"@type":"ImageObject","inLanguage":"en-US","@id":"https:\/\/2021.muinsuskaitsepaevad.ee\/en\/#\/schema\/logo\/image\/","url":"https:\/\/2021.muinsuskaitsepaevad.ee\/wp-content\/uploads\/2020\/08\/logo.svg","contentUrl":"https:\/\/2021.muinsuskaitsepaevad.ee\/wp-content\/uploads\/2020\/08\/logo.svg","width":235,"height":42,"caption":"Muinsuskaitsep\u00e4evad"},"image":{"@id":"https:\/\/2021.muinsuskaitsepaevad.ee\/en\/#\/schema\/logo\/image\/"}}]}},"_links":{"self":[{"href":"https:\/\/2021.muinsuskaitsepaevad.ee\/en\/wp-json\/wp\/v2\/pages\/2534"}],"collection":[{"href":"https:\/\/2021.muinsuskaitsepaevad.ee\/en\/wp-json\/wp\/v2\/pages"}],"about":[{"href":"https:\/\/2021.muinsuskaitsepaevad.ee\/en\/wp-json\/wp\/v2\/types\/page"}],"author":[{"embeddable":true,"href":"https:\/\/2021.muinsuskaitsepaevad.ee\/en\/wp-json\/wp\/v2\/users\/1"}],"replies":[{"embeddable":true,"href":"https:\/\/2021.muinsuskaitsepaevad.ee\/en\/wp-json\/wp\/v2\/comments?post=2534"}],"version-history":[{"count":0,"href":"https:\/\/2021.muinsuskaitsepaevad.ee\/en\/wp-json\/wp\/v2\/pages\/2534\/revisions"}],"wp:attachment":[{"href":"https:\/\/2021.muinsuskaitsepaevad.ee\/en\/wp-json\/wp\/v2\/media?parent=2534"}],"curies":[{"name":"wp","href":"https:\/\/api.w.org\/{rel}","templated":true}]}}